{"id":71,"date":"2022-09-27T10:22:32","date_gmt":"2022-09-27T08:22:32","guid":{"rendered":"https:\/\/www.lenka-propriano.com\/?page_id=71"},"modified":"2022-09-27T10:22:32","modified_gmt":"2022-09-27T08:22:32","slug":"mentions-legales","status":"publish","type":"page","link":"https:\/\/www.le20110.com\/?page_id=71","title":{"rendered":"Mentions l\u00e9gales"},"content":{"rendered":"\n<p><strong>Contact et propri\u00e9taire<\/strong><\/p>\n\n\n\n<p>L&rsquo;Enka Propriano, 17 rue du G\u00e9n\u00e9ral de Gaulle, 20110 Propriano. Soci\u00e9t\u00e9 MONSIEUR MOURAD AMAR, entrepreneur individuel, immatricul\u00e9e sous le SIREN 838106540.<\/p>\n\n\n\n<p><strong>Informatique et libert\u00e9<\/strong><\/p>\n\n\n\n<p>En application de la loi n\u00b078-17 du 6 janvier 1978 (informatique et libert\u00e9s), vous disposez d\u2019un droit d\u2019acc\u00e8s et de rectification des informations qui vous concernent. Si vous souhaitez consulter, faire modifier ou supprimer certaines les donn\u00e9es vous concernant, veuillez nous adresser un courrier en ce sens \u00e0 l\u2019adresse : contact &#8211; at &#8211; influenci.com.<\/p>\n\n\n\n<p><strong>H\u00e9bergement<\/strong><\/p>\n\n\n\n<p>Le site est h\u00e9berg\u00e9 OVH \u2013 140, Quai du Sartel, 59100 Roubaix,&nbsp; France (www.ovh.com).<\/p>\n\n\n\n<p><strong>Conception et maintenance<\/strong><\/p>\n\n\n\n<p>Le site a \u00e9t\u00e9 con\u00e7u par la SAS INFLUENCI, RCS Ajaccio 882 437 718.<\/p>\n\n\n\n<p><\/p>\n","protected":false},"excerpt":{"rendered":"<p>Contact et propri\u00e9taire L&rsquo;Enka Propriano, 17 rue du G\u00e9n\u00e9ral de Gaulle, 20110 Propriano. Soci\u00e9t\u00e9 MONSIEUR MOURAD AMAR, entrepreneur individuel, immatricul\u00e9e sous le SIREN 838106540. Informatique et libert\u00e9 En application de la loi n\u00b078-17 du 6 janvier 1978 (informatique et libert\u00e9s), vous disposez d\u2019un droit d\u2019acc\u00e8s et de rectification des informations qui vous concernent. Si vous [&hellip;]<\/p>\n","protected":false},"author":1,"featured_media":0,"parent":0,"menu_order":0,"comment_status":"closed","ping_status":"closed","template":"","meta":{"footnotes":""},"class_list":["post-71","page","type-page","status-publish","hentry"],"yoast_head":"<!-- This site is optimized with the Yoast SEO plugin v22.8 - https:\/\/yoast.com\/wordpress\/plugins\/seo\/ -->\n<title>Mentions l\u00e9gales - Le 20110<\/title>\n<meta name=\"robots\" content=\"index, follow, max-snippet:-1, max-image-preview:large, max-video-preview:-1\" \/>\n<link rel=\"canonical\" href=\"https:\/\/www.le20110.com\/?page_id=71\" \/>\n<meta property=\"og:locale\" content=\"fr_FR\" \/>\n<meta property=\"og:type\" content=\"article\" \/>\n<meta property=\"og:title\" content=\"Mentions l\u00e9gales - Le 20110\" \/>\n<meta property=\"og:description\" content=\"Contact et propri\u00e9taire L&rsquo;Enka Propriano, 17 rue du G\u00e9n\u00e9ral de Gaulle, 20110 Propriano. Soci\u00e9t\u00e9 MONSIEUR MOURAD AMAR, entrepreneur individuel, immatricul\u00e9e sous le SIREN 838106540. Informatique et libert\u00e9 En application de la loi n\u00b078-17 du 6 janvier 1978 (informatique et libert\u00e9s), vous disposez d\u2019un droit d\u2019acc\u00e8s et de rectification des informations qui vous concernent. Si vous [&hellip;]\" \/>\n<meta property=\"og:url\" content=\"https:\/\/www.le20110.com\/?page_id=71\" \/>\n<meta property=\"og:site_name\" content=\"Le 20110\" \/>\n<meta name=\"twitter:card\" content=\"summary_large_image\" \/>\n<meta name=\"twitter:label1\" content=\"Dur\u00e9e de lecture estim\u00e9e\" \/>\n\t<meta name=\"twitter:data1\" content=\"1 minute\" \/>\n<script type=\"application\/ld+json\" class=\"yoast-schema-graph\">{\"@context\":\"https:\/\/schema.org\",\"@graph\":[{\"@type\":\"WebPage\",\"@id\":\"https:\/\/www.le20110.com\/?page_id=71\",\"url\":\"https:\/\/www.le20110.com\/?page_id=71\",\"name\":\"Mentions l\u00e9gales - Le 20110\",\"isPartOf\":{\"@id\":\"https:\/\/www.le20110.com\/#website\"},\"datePublished\":\"2022-09-27T08:22:32+00:00\",\"dateModified\":\"2022-09-27T08:22:32+00:00\",\"breadcrumb\":{\"@id\":\"https:\/\/www.le20110.com\/?page_id=71#breadcrumb\"},\"inLanguage\":\"fr-FR\",\"potentialAction\":[{\"@type\":\"ReadAction\",\"target\":[\"https:\/\/www.le20110.com\/?page_id=71\"]}]},{\"@type\":\"BreadcrumbList\",\"@id\":\"https:\/\/www.le20110.com\/?page_id=71#breadcrumb\",\"itemListElement\":[{\"@type\":\"ListItem\",\"position\":1,\"name\":\"Accueil\",\"item\":\"https:\/\/www.le20110.com\/\"},{\"@type\":\"ListItem\",\"position\":2,\"name\":\"Mentions l\u00e9gales\"}]},{\"@type\":\"WebSite\",\"@id\":\"https:\/\/www.le20110.com\/#website\",\"url\":\"https:\/\/www.le20110.com\/\",\"name\":\"Le 20110\",\"description\":\"Snack tacos et burgers \u00e0 Propriano\",\"publisher\":{\"@id\":\"https:\/\/www.le20110.com\/#organization\"},\"potentialAction\":[{\"@type\":\"SearchAction\",\"target\":{\"@type\":\"EntryPoint\",\"urlTemplate\":\"https:\/\/www.le20110.com\/?s={search_term_string}\"},\"query-input\":\"required name=search_term_string\"}],\"inLanguage\":\"fr-FR\"},{\"@type\":\"Organization\",\"@id\":\"https:\/\/www.le20110.com\/#organization\",\"name\":\"Le 20110\",\"url\":\"https:\/\/www.le20110.com\/\",\"logo\":{\"@type\":\"ImageObject\",\"inLanguage\":\"fr-FR\",\"@id\":\"https:\/\/www.le20110.com\/#\/schema\/logo\/image\/\",\"url\":\"https:\/\/www.le20110.com\/wp-content\/uploads\/2023\/04\/cropped-20110_logotype-RVB_rouge-blanc-e1681802879729.png\",\"contentUrl\":\"https:\/\/www.le20110.com\/wp-content\/uploads\/2023\/04\/cropped-20110_logotype-RVB_rouge-blanc-e1681802879729.png\",\"width\":500,\"height\":309,\"caption\":\"Le 20110\"},\"image\":{\"@id\":\"https:\/\/www.le20110.com\/#\/schema\/logo\/image\/\"}}]}<\/script>\n<!-- \/ Yoast SEO plugin. -->","yoast_head_json":{"title":"Mentions l\u00e9gales - Le 20110","robots":{"index":"index","follow":"follow","max-snippet":"max-snippet:-1","max-image-preview":"max-image-preview:large","max-video-preview":"max-video-preview:-1"},"canonical":"https:\/\/www.le20110.com\/?page_id=71","og_locale":"fr_FR","og_type":"article","og_title":"Mentions l\u00e9gales - Le 20110","og_description":"Contact et propri\u00e9taire L&rsquo;Enka Propriano, 17 rue du G\u00e9n\u00e9ral de Gaulle, 20110 Propriano. Soci\u00e9t\u00e9 MONSIEUR MOURAD AMAR, entrepreneur individuel, immatricul\u00e9e sous le SIREN 838106540. Informatique et libert\u00e9 En application de la loi n\u00b078-17 du 6 janvier 1978 (informatique et libert\u00e9s), vous disposez d\u2019un droit d\u2019acc\u00e8s et de rectification des informations qui vous concernent. Si vous [&hellip;]","og_url":"https:\/\/www.le20110.com\/?page_id=71","og_site_name":"Le 20110","twitter_card":"summary_large_image","twitter_misc":{"Dur\u00e9e de lecture estim\u00e9e":"1 minute"},"schema":{"@context":"https:\/\/schema.org","@graph":[{"@type":"WebPage","@id":"https:\/\/www.le20110.com\/?page_id=71","url":"https:\/\/www.le20110.com\/?page_id=71","name":"Mentions l\u00e9gales - Le 20110","isPartOf":{"@id":"https:\/\/www.le20110.com\/#website"},"datePublished":"2022-09-27T08:22:32+00:00","dateModified":"2022-09-27T08:22:32+00:00","breadcrumb":{"@id":"https:\/\/www.le20110.com\/?page_id=71#breadcrumb"},"inLanguage":"fr-FR","potentialAction":[{"@type":"ReadAction","target":["https:\/\/www.le20110.com\/?page_id=71"]}]},{"@type":"BreadcrumbList","@id":"https:\/\/www.le20110.com\/?page_id=71#breadcrumb","itemListElement":[{"@type":"ListItem","position":1,"name":"Accueil","item":"https:\/\/www.le20110.com\/"},{"@type":"ListItem","position":2,"name":"Mentions l\u00e9gales"}]},{"@type":"WebSite","@id":"https:\/\/www.le20110.com\/#website","url":"https:\/\/www.le20110.com\/","name":"Le 20110","description":"Snack tacos et burgers \u00e0 Propriano","publisher":{"@id":"https:\/\/www.le20110.com\/#organization"},"potentialAction":[{"@type":"SearchAction","target":{"@type":"EntryPoint","urlTemplate":"https:\/\/www.le20110.com\/?s={search_term_string}"},"query-input":"required name=search_term_string"}],"inLanguage":"fr-FR"},{"@type":"Organization","@id":"https:\/\/www.le20110.com\/#organization","name":"Le 20110","url":"https:\/\/www.le20110.com\/","logo":{"@type":"ImageObject","inLanguage":"fr-FR","@id":"https:\/\/www.le20110.com\/#\/schema\/logo\/image\/","url":"https:\/\/www.le20110.com\/wp-content\/uploads\/2023\/04\/cropped-20110_logotype-RVB_rouge-blanc-e1681802879729.png","contentUrl":"https:\/\/www.le20110.com\/wp-content\/uploads\/2023\/04\/cropped-20110_logotype-RVB_rouge-blanc-e1681802879729.png","width":500,"height":309,"caption":"Le 20110"},"image":{"@id":"https:\/\/www.le20110.com\/#\/schema\/logo\/image\/"}}]}},"_links":{"self":[{"href":"https:\/\/www.le20110.com\/index.php?rest_route=\/wp\/v2\/pages\/71","targetHints":{"allow":["GET"]}}],"collection":[{"href":"https:\/\/www.le20110.com\/index.php?rest_route=\/wp\/v2\/pages"}],"about":[{"href":"https:\/\/www.le20110.com\/index.php?rest_route=\/wp\/v2\/types\/page"}],"author":[{"embeddable":true,"href":"https:\/\/www.le20110.com\/index.php?rest_route=\/wp\/v2\/users\/1"}],"replies":[{"embeddable":true,"href":"https:\/\/www.le20110.com\/index.php?rest_route=%2Fwp%2Fv2%2Fcomments&post=71"}],"version-history":[{"count":1,"href":"https:\/\/www.le20110.com\/index.php?rest_route=\/wp\/v2\/pages\/71\/revisions"}],"predecessor-version":[{"id":73,"href":"https:\/\/www.le20110.com\/index.php?rest_route=\/wp\/v2\/pages\/71\/revisions\/73"}],"wp:attachment":[{"href":"https:\/\/www.le20110.com\/index.php?rest_route=%2Fwp%2Fv2%2Fmedia&parent=71"}],"curies":[{"name":"wp","href":"https:\/\/api.w.org\/{rel}","templated":true}]}}